{"id":948,"date":"2020-03-18T20:21:19","date_gmt":"2020-03-18T17:21:19","guid":{"rendered":"https:\/\/taastuvenergia.ee\/esileht\/"},"modified":"2023-08-10T14:19:14","modified_gmt":"2023-08-10T11:19:14","slug":"esileht","status":"publish","type":"page","link":"https:\/\/taastuvenergia.ee\/fi\/","title":{"rendered":"Kotisivu"},"content":{"rendered":"\r\n<p>&nbsp;<\/p>\r\n<ul><\/ul>\r\n<h1><\/h1>\r\n<h3><\/h3>\r\n\r\n<p><img decoding=\"async\" src=\"\" \/>  <\/p>\r\n<hr \/>\r\n\r\n<p><img decoding=\"async\" src=\"\" \/>  <\/p>\r\n<hr \/>\r\n\r\n<p><img decoding=\"async\" src=\"\" \/>  <\/p>\r\n<hr \/>\r\n\r\n<h2><\/h2>\r\n<div class=\"tooteruhmad\">\n \n        <div class=\"tooteruhm\">\n\n        <div class=\"tooteHero\">\n        <div><img decoding=\"async\" alt=\"Taastuvenergia p\u00e4ikeseelektrijaam\" src=\"https:\/\/taastuvenergia.ee\/wp-content\/uploads\/2022\/05\/Taastuvenergia-Pa\u0308ikeseelektrijaam.jpeg\"><\/div>\n        <span class=\"tootePealkiri\">Aurinkovoimalat<\/span>\n        <\/div>\n        <div class=\"tooteContent\">\n                <ul class=\"nav nav-pills mb-2\" id=\"pills-tab\" role=\"tablist\">\n                <li class=\"nav-item\" role=\"presentation\">\n          <a class=\"tooteTabLink nav-link border mr-3 mb-3 active\" id=\"aurinkovoimalat-voimalaitos-tab\" data-toggle=\"pill\" href=\"#aurinkovoimalat-voimalaitos\" role=\"tab\" aria-controls=\"aurinkovoimalat-voimalaitos\">Voimalaitos<\/a>\n        <\/li>\n                <li class=\"nav-item\" role=\"presentation\">\n          <a class=\"tooteTabLink nav-link border mr-3 mb-3 \" id=\"aurinkovoimalat-aurinkopaneeli-tab\" data-toggle=\"pill\" href=\"#aurinkovoimalat-aurinkopaneeli\" role=\"tab\" aria-controls=\"aurinkovoimalat-aurinkopaneeli\">Aurinkopaneeli<\/a>\n        <\/li>\n                <li class=\"nav-item\" role=\"presentation\">\n          <a class=\"tooteTabLink nav-link border mr-3 mb-3 \" id=\"aurinkovoimalat-invertteri-tab\" data-toggle=\"pill\" href=\"#aurinkovoimalat-invertteri\" role=\"tab\" aria-controls=\"aurinkovoimalat-invertteri\">Invertteri<\/a>\n        <\/li>\n                <li class=\"nav-item\" role=\"presentation\">\n          <a class=\"tooteTabLink nav-link border mr-3 mb-3 \" id=\"aurinkovoimalat-hybridijarjestelma-tab\" data-toggle=\"pill\" href=\"#aurinkovoimalat-hybridijarjestelma\" role=\"tab\" aria-controls=\"aurinkovoimalat-hybridijarjestelma\">Hybridij\u00e4rjestelm\u00e4<\/a>\n        <\/li>\n                <li class=\"nav-item\" role=\"presentation\">\n          <a class=\"tooteTabLink nav-link border mr-3 mb-3 \" id=\"aurinkovoimalat-asennussiemen-tab\" data-toggle=\"pill\" href=\"#aurinkovoimalat-asennussiemen\" role=\"tab\" aria-controls=\"aurinkovoimalat-asennussiemen\">Asennussiemen<\/a>\n        <\/li>\n                <li class=\"nav-item\" role=\"presentation\">\n          <a class=\"tooteTabLink nav-link border mr-3 mb-3 \" id=\"aurinkovoimalat-hanke-tab\" data-toggle=\"pill\" href=\"#aurinkovoimalat-hanke\" role=\"tab\" aria-controls=\"aurinkovoimalat-hanke\">Hanke<\/a>\n        <\/li>\n        \n                <\/ul>\n        <div class=\"tab-content\" id=\"pills-tabContent\">\n                      \n        <div class=\"tab-pane fade active show\" id=\"aurinkovoimalat-voimalaitos\" role=\"tabpanel\" aria-labelledby=\"aurinkovoimalat-voimalaitos-tab\">\n        <p>Aurinkovoimalat ovat t\u00e4ydellisi\u00e4 teknisi\u00e4 ratkaisuja. Parhaat tulokset sek\u00e4 tuoton ett\u00e4 k\u00e4ytt\u00f6i\u00e4n osalta saavutetaan, kun kaikki komponentit on sovitettu t\u00e4ydellisesti yhteen.\u00a0 N\u00e4enn\u00e4isesti vaatimattomimmankin komponentin seuraukset vaikuttavat merkitt\u00e4v\u00e4sti voimalan k\u00e4ytt\u00f6ik\u00e4\u00e4n ja tehoon.<\/p>\n        <\/div>        \n                      \n        <div class=\"tab-pane fade \" id=\"aurinkovoimalat-aurinkopaneeli\" role=\"tabpanel\" aria-labelledby=\"aurinkovoimalat-aurinkopaneeli-tab\">\n        <p>Aurinkopaneeli on voimalaitoksen n\u00e4kyvin osa. Vaikka monien eri valmistajien paneelit n\u00e4ytt\u00e4v\u00e4t hyvin samankaltaisilta, niiden tekninen taso on hyvin erilainen. Q Cellsin paneelit tarjoavat Saksassa kehitetty\u00e4 innovatiivista teknologiaa. Patentoitu Q.ANTUM DUO Z -tekniikka tarjoaa korkean hy\u00f6tysuhteen, esimerkillisen tehon ja maksimaalisen tuoton yhdistelm\u00e4n, joka yhdess\u00e4 tarjoaa parhaan hinta-laatusuhteen. Q Cellsin aurinkopaneelit on palkittu lukuisilla kansainv\u00e4lisill\u00e4 palkinnoilla.<\/p>\n        <\/div>        \n                      \n        <div class=\"tab-pane fade \" id=\"aurinkovoimalat-invertteri\" role=\"tabpanel\" aria-labelledby=\"aurinkovoimalat-invertteri-tab\">\n        <div>Invertteri on aurinkovoimalan keskeinen osa, jossa aurinkopaneelien tuottama energia muunnetaan s\u00e4hk\u00f6verkossa tarvittavaksi vaihtovirraksi. Mutta siin\u00e4 ei ole viel\u00e4 kaikki &#8211; muuntoprosessin on oltava eritt\u00e4in tehokas ja turvallinen. Aurinkovoimalan kaikkien komponenttien ja ohjelmistojen yhteispeli on kustannuksia t\u00e4rke\u00e4mp\u00e4\u00e4.<\/div>\n<div><\/div>\n        <\/div>        \n                      \n        <div class=\"tab-pane fade \" id=\"aurinkovoimalat-hybridijarjestelma\" role=\"tabpanel\" aria-labelledby=\"aurinkovoimalat-hybridijarjestelma-tab\">\n        <p>Nykyiset hybridij\u00e4rjestelm\u00e4t ovat \u00e4lykk\u00e4it\u00e4 energiaj\u00e4rjestelmi\u00e4, jotka paitsi varastoivat energiaa my\u00f6s pystyv\u00e4t jakamaan sit\u00e4 tehokkaasti koko j\u00e4rjestelm\u00e4ss\u00e4 tilanteen mukaan. P\u00e4\u00e4tavoitteena on lis\u00e4t\u00e4 omavaraisuutta, mik\u00e4 voi lyhent\u00e4\u00e4 aurinkovoimalan takaisinmaksuaikaa. Yht\u00e4 t\u00e4rke\u00e4\u00e4 on varatoiminto, jolla varmistetaan, ett\u00e4 energiaa on saatavilla my\u00f6s s\u00e4hk\u00f6katkojen aikana. Nykyiset hybridiratkaisut ovat monikomponenttisia j\u00e4rjestelmi\u00e4, jotka ovat vuorovaikutuksessa kesken\u00e4\u00e4n ohjelmistojen avulla.<\/p>\n        <\/div>        \n                      \n        <div class=\"tab-pane fade \" id=\"aurinkovoimalat-asennussiemen\" role=\"tabpanel\" aria-labelledby=\"aurinkovoimalat-asennussiemen-tab\">\n        <p>Parhaat asennusj\u00e4rjestelm\u00e4t voidaan tiivist\u00e4\u00e4 kolmeen avainsanaan: yksinkertaiset, vankat ja tuetut.<\/p>\n<p><strong>Yksinkertainen<\/strong> &#8211; nopea ja helppo asennusprosessi. Helppo &#8211; yksinkertainen, yksinkertainen asentaa &#8211; helppo k\u00e4ytt\u00e4\u00e4 &#8211; helppo asentaa &#8211; helppo asentaa &#8211; helppo asentaa &#8211; helppo k\u00e4ytt\u00e4\u00e4 &#8211; helppo asentaa.<br \/>\n<strong>Kest\u00e4v\u00e4<\/strong> &#8211; sertifioitu, staattisesti testattu, kest\u00e4v\u00e4, pitk\u00e4ik\u00e4inen.<br \/>\n<strong>Tuettu<\/strong> &#8211; verkkoty\u00f6kalut ja saatavilla oleva tehtaan tekninen tuki takaavat luotettavuuden.<\/p>\n<p>Pitk\u00e4n kokemuksen perusteella olemme valinneet parhaat ratkaisut pohjoismaisiin olosuhteisiin.<\/p>\n        <\/div>        \n                      \n        <div class=\"tab-pane fade \" id=\"aurinkovoimalat-hanke\" role=\"tabpanel\" aria-labelledby=\"aurinkovoimalat-hanke-tab\">\n        <p>Voimalaitoshanke auttaa visualisoimaan tulevan ratkaisun ja muodostaa er\u00e4\u00e4nlaisen dokumentaation tulevaisuutta varten. Projekti koostuu tilanneanalyysist\u00e4, saavutettavista tavoitteista ja valittujen teknisten materiaalien kuvauksesta. Parhaat projektit kehitet\u00e4\u00e4n yhteisty\u00f6ss\u00e4 asiakkaan kanssa, jolloin ratkaisun teknisist\u00e4 yksityiskohdista keskustellaan selke\u00e4sti. On my\u00f6s t\u00e4rke\u00e4\u00e4 ottaa huomioon mahdolliset tulevat muutokset (esim. s\u00e4hk\u00f6autojen lataus jne.).<\/p>\n        <\/div>        \n                <\/div>\n                <div class=\"tooteParing\">\n        <a class='fl-scroll-link' href=\"#hinnaparing\" data-elektrijaam=\"aurinkovoimalat\">L\u00e4het\u00e4 tarjouspyynt\u00f6<\/a>\n        <\/div>\n        <\/div>\n        <\/div>\n        <\/div>\n\r\n<h3><\/h3>\r\n<form id=\"gform_2\" action=\"\/fi\/?fl_builder#gf_2\" enctype=\"multipart\/form-data\" method=\"post\" novalidate=\"\" target=\"gform_ajax_frame_2\"><label class=\"gfield_label\" for=\"input_2_1\">Nimi*<\/label><input id=\"input_2_1\" class=\"large\" tabindex=\"35\" name=\"input_1\" type=\"text\" value=\"\" aria-required=\"true\" aria-invalid=\"false\" \/> <label class=\"gfield_label\" for=\"input_2_2\">Yritys<\/label><input id=\"input_2_2\" class=\"large\" tabindex=\"36\" name=\"input_2\" type=\"text\" value=\"\" aria-invalid=\"false\" \/> <label class=\"gfield_label\" for=\"input_2_3\">S\u00e4hk\u00f6posti*<\/label> <input id=\"input_2_3\" class=\"large\" tabindex=\"37\" name=\"input_3\" type=\"email\" value=\"\" aria-required=\"true\" aria-invalid=\"false\" \/> <label class=\"gfield_label\" for=\"input_2_4\">Puhelin<\/label><input id=\"input_2_4\" class=\"large\" tabindex=\"38\" name=\"input_4\" type=\"tel\" value=\"\" aria-invalid=\"false\" \/><label class=\"gfield_label\" for=\"input_2_5\">Teema<\/label><select id=\"input_2_5\" class=\"large gfield_select\" tabindex=\"39\" name=\"input_5\" aria-invalid=\"false\">\r\n<option value=\"P\u00e4ikesepaneelid maapinnal\">Aurinkopaneelit maassa<\/option>\r\n<option value=\"P\u00e4ikesepaneelid lamekatusel\">Aurinkopaneelit tasakatoilla<\/option>\r\n<option value=\"P\u00e4ikesepaneelid trapetsplekk-katusel\">Aurinkopaneelit puolisuunnikkaan levyisell\u00e4 katolla<\/option>\r\n<option value=\"P\u00e4ikesepaneelide ost\">Aurinkopaneelien hankinta<\/option>\r\n<option value=\"Muu teema\">Muu teema<\/option>\r\n<\/select><label class=\"gfield_label\" for=\"input_2_6\">Viesti<\/label><textarea id=\"input_2_6\" class=\"textarea medium\" tabindex=\"40\" cols=\"50\" name=\"input_6\" rows=\"10\" aria-invalid=\"false\"><\/textarea><label class=\"gfield_label screen-reader-text\" for=\"input_2_7\"><\/label> <input id=\"gform_submit_button_2\" class=\"gform_button button\" tabindex=\"42\" type=\"submit\" value=\"L\u00e4het\u00e4 osoitteeseen\" \/> <input name=\"gform_ajax\" type=\"hidden\" value=\"form_id=2&amp;title=&amp;description=&amp;tabindex=35\" \/> <input class=\"gform_hidden\" name=\"is_submit_2\" type=\"hidden\" value=\"1\" \/> <input class=\"gform_hidden\" name=\"gform_submit\" type=\"hidden\" value=\"2\" \/> <input class=\"gform_hidden\" name=\"gform_unique_id\" type=\"hidden\" value=\"\" \/> <input class=\"gform_hidden\" name=\"state_2\" type=\"hidden\" value=\"WyJbXSIsIjQ5MzQyNTlkYWVlMDYxOGM3OWNhNTRjMDYzOTc1MWNiIl0=\" \/> <input id=\"gform_target_page_number_2\" class=\"gform_hidden\" name=\"gform_target_page_number_2\" type=\"hidden\" value=\"0\" \/> <input id=\"gform_source_page_number_2\" class=\"gform_hidden\" name=\"gform_source_page_number_2\" type=\"hidden\" value=\"1\" \/> <input name=\"gform_field_values\" type=\"hidden\" value=\"\" \/><\/form>\r\n<p><iframe id=\"gform_ajax_frame_2\" style=\"display: none; width: 0px; height: 0px;\" title=\"This iframe contains the logic required to handle Ajax powered Gravity Forms.\" src=\"about:blank\" name=\"gform_ajax_frame_2\"><\/iframe> Taastuvenergia O\u00dc Rekisterinumero: 11117952 KMKR: EE100957862 <a href=\"mailto:\"><\/a> Sijainti<\/p>\r\n\r\n<p><a href=\"acf_url type='url' name='google_maps']\" target=\"_blank\" rel=\"noopener\">Aloita navigointi<\/a>    <a href=\"\"><\/a><\/p>\r\n","protected":false},"excerpt":{"rendered":"<p>&nbsp; Nimi* Yritys S\u00e4hk\u00f6posti* PuhelinTeemaAurinkopaneelit maassaAurinkopaneelit tasakatoillaAurinkopaneelit puolisuunnikkaan levyisell\u00e4 katollaAurinkopaneelien hankintaMuu teemaViesti Taastuvenergia O\u00dc Rekisterinumero: 11117952 KMKR: EE100957862 Sijainti Aloita navigointi<\/p>\n","protected":false},"author":2,"featured_media":912,"parent":0,"menu_order":0,"comment_status":"closed","ping_status":"closed","template":"","meta":{"_acf_changed":false,"inline_featured_image":false,"footnotes":""},"class_list":["post-948","page","type-page","status-publish","has-post-thumbnail","hentry"],"acf":[],"_links":{"self":[{"href":"https:\/\/taastuvenergia.ee\/fi\/wp-json\/wp\/v2\/pages\/948","targetHints":{"allow":["GET"]}}],"collection":[{"href":"https:\/\/taastuvenergia.ee\/fi\/wp-json\/wp\/v2\/pages"}],"about":[{"href":"https:\/\/taastuvenergia.ee\/fi\/wp-json\/wp\/v2\/types\/page"}],"author":[{"embeddable":true,"href":"https:\/\/taastuvenergia.ee\/fi\/wp-json\/wp\/v2\/users\/2"}],"replies":[{"embeddable":true,"href":"https:\/\/taastuvenergia.ee\/fi\/wp-json\/wp\/v2\/comments?post=948"}],"version-history":[{"count":5,"href":"https:\/\/taastuvenergia.ee\/fi\/wp-json\/wp\/v2\/pages\/948\/revisions"}],"predecessor-version":[{"id":1046,"href":"https:\/\/taastuvenergia.ee\/fi\/wp-json\/wp\/v2\/pages\/948\/revisions\/1046"}],"wp:featuredmedia":[{"embeddable":true,"href":"https:\/\/taastuvenergia.ee\/fi\/wp-json\/wp\/v2\/media\/912"}],"wp:attachment":[{"href":"https:\/\/taastuvenergia.ee\/fi\/wp-json\/wp\/v2\/media?parent=948"}],"curies":[{"name":"wp","href":"https:\/\/api.w.org\/{rel}","templated":true}]}}