{"id":970,"date":"2022-08-15T16:05:30","date_gmt":"2022-08-15T13:05:30","guid":{"rendered":"https:\/\/taastuvenergia.ee\/hinnakiri\/"},"modified":"2023-08-10T14:18:18","modified_gmt":"2023-08-10T11:18:18","slug":"hinnasto","status":"publish","type":"page","link":"https:\/\/taastuvenergia.ee\/fi\/hinnasto\/","title":{"rendered":"Hinnasto"},"content":{"rendered":"\r\n<h1><\/h1>\r\n<table data-tablesaw-minimap=\"\">\r\n<thead>\r\n<tr>\r\n<th id=\"pp-table-col-1\" scope=\"col\" data-tablesaw-sortable-col=\"\">Teenus<\/th>\r\n<th id=\"pp-table-col-2\" scope=\"col\" data-tablesaw-sortable-col=\"\">Hind (EUR)<br \/>Hoolduslepingu klient<\/th>\r\n<th id=\"pp-table-col-3\" scope=\"col\" data-tablesaw-sortable-col=\"\">Hind (EUR)<br \/>Tavaklient<\/th>\r\n<\/tr>\r\n<\/thead>\r\n<tbody>\r\n<tr>\r\n<td>V\u00e4ljakutse tasu Tallinnas \/ Haapsalus \/ Rakveres \/ Tartus ja selle l\u00e4hi\u00fcmbruses (kuni 20km)*<\/td>\r\n<td>65.-<\/td>\r\n<td>95.-<\/td>\r\n<\/tr>\r\n<tr>\r\n<td>V\u00e4ljakutse tasu v\u00e4ljaspool Tallinnat \/ Haapsalu \/ Rakvere \/ Tartut ja selle l\u00e4hi\u00fcmbrusest (kuni 20km), lisandub kilomeetritasu (edasi-tagasi) 0,55 eurot\/km*<\/td>\r\n<td>65.-<\/td>\r\n<td>95.-<\/td>\r\n<\/tr>\r\n<tr>\r\n<td>T\u00f6\u00f6mehe t\u00f6\u00f6tund t\u00f6\u00f6p\u00e4evadel (E-R 08.00-17.00)*<\/td>\r\n<td>40.-<\/td>\r\n<td>50.-<\/td>\r\n<\/tr>\r\n<tr>\r\n<td>T\u00f6\u00f6mehe t\u00f6\u00f6tund t\u00f6\u00f6p\u00e4eva v\u00e4lisel ajal<\/td>\r\n<td>60.-<\/td>\r\n<td>70.-<\/td>\r\n<\/tr>\r\n<tr>\r\n<td>T\u00f6\u00f6mehe t\u00f6\u00f6tund puhkep\u00e4evadel ja riiklikel p\u00fchadel<\/td>\r\n<td>80.-<\/td>\r\n<td>90.-<\/td>\r\n<\/tr>\r\n<tr>\r\n<td>P\u00e4ikeseeletrijaama t\u00f6\u00f6 igana\u00e4dalane kaugj\u00e4lgimine (kuutasu)<\/td>\r\n<td>50.-<\/td>\r\n<td>ei teostata<\/td>\r\n<\/tr>\r\n<tr>\r\n<td>P\u00e4ikeseelektrijaama \u00fclevaatus objektil koos aruande koostamisega kuni 15kW (lisandub kilomeetri kulu 0,55 eurot\/km)<\/td>\r\n<td>75.-<\/td>\r\n<td>100.-***<\/td>\r\n<\/tr>\r\n<tr>\r\n<td>P\u00e4ikeseelektrijaama \u00fclevaatus objektil koos aruande koostamisega 16- 50kW (lisandub kilomeetri kulu 0,55 eurot\/km)<\/td>\r\n<td>100.-<\/td>\r\n<td>125.-***<\/td>\r\n<\/tr>\r\n<tr>\r\n<td>P\u00e4ikeseelektrijaama \u00fclevaatus objektil koos aruande koostamisega 51-150kW (lisandub kilomeetri kulu 0,55 eurot\/km)<\/td>\r\n<td>200.-<\/td>\r\n<td>250.-***<\/td>\r\n<\/tr>\r\n<tr>\r\n<td>P\u00e4ikeseelektrijaama \u00fclevaatus objektil koos aruande koostamisega 151-500kW (lisandub kilomeetri kulu 0,55 eurot\/km)<\/td>\r\n<td>300.-<\/td>\r\n<td>350.-***<\/td>\r\n<\/tr>\r\n<tr>\r\n<td>P\u00e4ikeseeletrijaama andmeside taastamine (kliendi poolse sideseadme vahetus) (lisandub kilomeetri kulu 0,55 eurot\/km)<\/td>\r\n<td>50.-<\/td>\r\n<td>60.- ***<\/td>\r\n<\/tr>\r\n<tr>\r\n<td>Valev\u00e4ljakutse (kliendipoolse elektriv\u00f5rgu rike v\u00f5i v\u00f5rguparameetrite mittevastavus kehtivale standardile) (lisandub kilomeetri kulu 0,55 eurot\/km)<\/td>\r\n<td>150.-<\/td>\r\n<td>200.- ***<\/td>\r\n<\/tr>\r\n<\/tbody>\r\n<\/table>\r\n","protected":false},"excerpt":{"rendered":"<p>Teenus Hind (EUR)Hoolduslepingu klient Hind (EUR)Tavaklient V\u00e4ljakutse tasu Tallinnas \/ Haapsalus \/ Rakveres \/ Tartus ja selle l\u00e4hi\u00fcmbruses (kuni 20km)* 65.- 95.- V\u00e4ljakutse tasu v\u00e4ljaspool Tallinnat \/ Haapsalu \/ Rakvere \/ Tartut ja selle l\u00e4hi\u00fcmbrusest (kuni 20km), lisandub kilomeetritasu (edasi-tagasi) 0,55 eurot\/km* 65.- 95.- T\u00f6\u00f6mehe t\u00f6\u00f6tund t\u00f6\u00f6p\u00e4evadel (E-R 08.00-17.00)* 40.- 50.- T\u00f6\u00f6mehe t\u00f6\u00f6tund t\u00f6\u00f6p\u00e4eva v\u00e4lisel&hellip;<\/p>\n","protected":false},"author":2,"featured_media":0,"parent":0,"menu_order":0,"comment_status":"closed","ping_status":"closed","template":"","meta":{"_acf_changed":false,"inline_featured_image":false,"footnotes":""},"class_list":["post-970","page","type-page","status-publish","hentry"],"acf":[],"_links":{"self":[{"href":"https:\/\/taastuvenergia.ee\/fi\/wp-json\/wp\/v2\/pages\/970","targetHints":{"allow":["GET"]}}],"collection":[{"href":"https:\/\/taastuvenergia.ee\/fi\/wp-json\/wp\/v2\/pages"}],"about":[{"href":"https:\/\/taastuvenergia.ee\/fi\/wp-json\/wp\/v2\/types\/page"}],"author":[{"embeddable":true,"href":"https:\/\/taastuvenergia.ee\/fi\/wp-json\/wp\/v2\/users\/2"}],"replies":[{"embeddable":true,"href":"https:\/\/taastuvenergia.ee\/fi\/wp-json\/wp\/v2\/comments?post=970"}],"version-history":[{"count":2,"href":"https:\/\/taastuvenergia.ee\/fi\/wp-json\/wp\/v2\/pages\/970\/revisions"}],"predecessor-version":[{"id":972,"href":"https:\/\/taastuvenergia.ee\/fi\/wp-json\/wp\/v2\/pages\/970\/revisions\/972"}],"wp:attachment":[{"href":"https:\/\/taastuvenergia.ee\/fi\/wp-json\/wp\/v2\/media?parent=970"}],"curies":[{"name":"wp","href":"https:\/\/api.w.org\/{rel}","templated":true}]}}